{"id":500,"date":"2017-01-14T11:49:28","date_gmt":"2017-01-14T10:49:28","guid":{"rendered":"http:\/\/kalkulacija.com\/wordpress\/?page_id=500"},"modified":"2019-10-29T19:22:55","modified_gmt":"2019-10-29T18:22:55","slug":"predlozi","status":"publish","type":"page","link":"https:\/\/kalkulacija.com\/wordpress\/predlozi\/","title":{"rendered":"Predlozi"},"content":{"rendered":"<div id=\"ez-toc-container\" class=\"ez-toc-v2_0_83 counter-hierarchy ez-toc-counter ez-toc-custom ez-toc-container-direction\">\n<div class=\"ez-toc-title-container\">\n<p class=\"ez-toc-title\" style=\"cursor:inherit\">Sadr\u017eaj<\/p>\n<span class=\"ez-toc-title-toggle\"><a href=\"#\" class=\"ez-toc-pull-right ez-toc-btn ez-toc-btn-xs ez-toc-btn-default ez-toc-toggle\" aria-label=\"Toggle Table of Content\"><span class=\"ez-toc-js-icon-con\"><span class=\"\"><span class=\"eztoc-hide\" style=\"display:none;\">Toggle<\/span><span class=\"ez-toc-icon-toggle-span\"><svg style=\"fill: #0d590e;color:#0d590e\" xmlns=\"http:\/\/www.w3.org\/2000\/svg\" class=\"list-377408\" width=\"20px\" height=\"20px\" viewBox=\"0 0 24 24\" fill=\"none\"><path d=\"M6 6H4v2h2V6zm14 0H8v2h12V6zM4 11h2v2H4v-2zm16 0H8v2h12v-2zM4 16h2v2H4v-2zm16 0H8v2h12v-2z\" fill=\"currentColor\"><\/path><\/svg><svg style=\"fill: #0d590e;color:#0d590e\" class=\"arrow-unsorted-368013\" xmlns=\"http:\/\/www.w3.org\/2000\/svg\" width=\"10px\" height=\"10px\" viewBox=\"0 0 24 24\" version=\"1.2\" baseProfile=\"tiny\"><path d=\"M18.2 9.3l-6.2-6.3-6.2 6.3c-.2.2-.3.4-.3.7s.1.5.3.7c.2.2.4.3.7.3h11c.3 0 .5-.1.7-.3.2-.2.3-.5.3-.7s-.1-.5-.3-.7zM5.8 14.7l6.2 6.3 6.2-6.3c.2-.2.3-.5.3-.7s-.1-.5-.3-.7c-.2-.2-.4-.3-.7-.3h-11c-.3 0-.5.1-.7.3-.2.2-.3.5-.3.7s.1.5.3.7z\"\/><\/svg><\/span><\/span><\/span><\/a><\/span><\/div>\n<nav><ul class='ez-toc-list ez-toc-list-level-1 ' ><li class='ez-toc-page-1 ez-toc-heading-level-2'><a class=\"ez-toc-link ez-toc-heading-1\" href=\"https:\/\/kalkulacija.com\/wordpress\/predlozi\/#Predlozi_su_dobrodosli_Ovde_se_mogu_ostaviti_predlozi_za_novu_temu_ili_problem_koji_treba_resiti\" >Predlozi su dobrodo\u0161li!\nOvde se mogu ostaviti predlozi za novu temu ili problem koji treba re\u0161iti.<\/a><\/li><li class='ez-toc-page-1 ez-toc-heading-level-2'><a class=\"ez-toc-link ez-toc-heading-2\" href=\"https:\/\/kalkulacija.com\/wordpress\/predlozi\/#Suggestions_are_Welcome_Here_you_can_leave_suggestions_for_a_new_theme_or_issues_witch_to_be_solved_and_published\" >Suggestions are Welcome!\nHere you can leave suggestions for a new theme or issues witch to be solved and published.<\/a><\/li><\/ul><\/nav><\/div>\n<h2><strong>Predlozi su dobrodo\u0161li!<\/strong><br \/>\nOvde se mogu ostaviti predlozi za novu temu ili problem koji treba re\u0161iti.<\/h2>\n<p><small>Da bi se dali predlozi<strong>\u00a0nije potrebno davati nikakve li\u010dne podatke<\/strong>, elektronske adrese itd. dovoljan je samo opis. Za\u0161tita od SPAM poruka je izvedena Google reCAPTCHA tehnikom, koja \u0107e od vas naj\u010de\u0161\u0107e tra\u017eiti samo da \u0161tiklirate da niste robot. Po neki put mo\u017ee vam zatra\u017eiti da izaberete neke delove fotografije i to se doga\u0111a samo pod kontrolom Google sistema.<\/small><\/p>\n\n<div class=\"wpcf7 no-js\" id=\"wpcf7-f2038-o1\" lang=\"sr-SR\" dir=\"ltr\" data-wpcf7-id=\"2038\">\n<div class=\"screen-reader-response\"><p role=\"status\" aria-live=\"polite\" aria-atomic=\"true\"><\/p> <ul><\/ul><\/div>\n<form action=\"\/wordpress\/wp-json\/wp\/v2\/pages\/500#wpcf7-f2038-o1\" method=\"post\" class=\"wpcf7-form init\" aria-label=\"Contact form\" novalidate=\"novalidate\" data-status=\"init\">\n<fieldset class=\"hidden-fields-container\"><input type=\"hidden\" name=\"_wpcf7\" value=\"2038\" \/><input type=\"hidden\" name=\"_wpcf7_version\" value=\"6.1.5\" \/><input type=\"hidden\" name=\"_wpcf7_locale\" value=\"sr_SR\" \/><input type=\"hidden\" name=\"_wpcf7_unit_tag\" value=\"wpcf7-f2038-o1\" \/><input type=\"hidden\" name=\"_wpcf7_container_post\" value=\"0\" \/><input type=\"hidden\" name=\"_wpcf7_posted_data_hash\" value=\"\" \/><input type=\"hidden\" name=\"_wpcf7_recaptcha_response\" value=\"\" \/>\n<\/fieldset>\n<p><label>Predlog:<br \/>\n<span class=\"wpcf7-form-control-wrap\" data-name=\"your-message\"><textarea cols=\"40\" rows=\"10\" maxlength=\"2000\" class=\"wpcf7-form-control wpcf7-textarea\" aria-invalid=\"false\" name=\"your-message\"><\/textarea><\/span> <\/label>\n<\/p>\n<p><input class=\"wpcf7-form-control wpcf7-submit has-spinner\" type=\"submit\" value=\"Po\u0161alji\" \/>\n<\/p><div class=\"wpcf7-response-output\" aria-hidden=\"true\"><\/div>\n<\/form>\n<\/div>\n\n<p><span style=\"color: #ffffff;\">Da bi ste dali predlog<strong> nije potrebno davati nikakve li\u010dne podatke<\/strong>, elektronske adrese itd. dovoljan je samo opis. Za\u0161tita od SPAM poruka je izvedena Google reCAPTCHA tehnikom, koja \u0107e od vas naj\u010de\u0161\u0107e tra\u017eiti samo da \u0161tiklirate da niste robot. Po neki put mo\u017ee vam zatra\u017eiti da izaberete neke delove fotografije i to se doga\u0111a samo pod kontrolom Google sistema.<\/span><\/p>\n<p><span style=\"color: #ffffff;\">Da bi ste dali predlog<strong> nije potrebno davati nikakve li\u010dne podatke<\/strong>, elektronske adrese itd. dovoljan je samo opis. Za\u0161tita od SPAM poruka je izvedena Google reCAPTCHA tehnikom, koja \u0107e od vas naj\u010de\u0161\u0107e tra\u017eiti samo da \u0161tiklirate da niste robot. Po neki put mo\u017ee vam zatra\u017eiti da izaberete neke delove fotografije i to se doga\u0111a samo pod kontrolom Google sistema.<\/span><\/p>\n<p><span style=\"color: #ffffff;\">Da bi ste dali predlog nije potrebno davati nikakve li\u010dne podatke, elektronske adrese itd. dovoljan je samo opis. Za\u0161tita od SPAM poruka je izvedena Google reCAPTCHA tehnikom, koja \u0107e od vas naj\u010de\u0161\u0107e tra\u017eiti samo da \u0161tiklirate da niste robot. Po neki put mo\u017ee vam zatra\u017eiti da izaberete neke delove fotografije i to se doga\u0111a samo pod kontrolom Google sistema.<\/span>","protected":false},"excerpt":{"rendered":"<p>Predlozi su dobrodo\u0161li! Ovde se mogu ostaviti predlozi za novu temu ili problem koji treba re\u0161iti. Da bi se dali<\/p>\n","protected":false},"author":1,"featured_media":0,"parent":0,"menu_order":0,"comment_status":"closed","ping_status":"closed","template":"","meta":{"footnotes":""},"class_list":["post-500","page","type-page","status-publish","hentry"],"yoast_head":"<!-- This site is optimized with the Yoast SEO plugin v27.5 - https:\/\/yoast.com\/product\/yoast-seo-wordpress\/ -->\n<title>Predlozi - Kalkulacija u osnovi svega!<\/title>\n<meta name=\"description\" content=\"Ovde se mogu ostaviti predlozi za novu temu ili problem koji treba re\u0161iti. Da bi ste dali predlog nije potrebno davati nikakve li\u010dne podatke.\" \/>\n<meta name=\"robots\" content=\"index, follow, max-snippet:-1, max-image-preview:large, max-video-preview:-1\" \/>\n<link rel=\"canonical\" href=\"https:\/\/kalkulacija.com\/wordpress\/predlozi\/\" \/>\n<meta property=\"og:locale\" content=\"en_US\" \/>\n<meta property=\"og:type\" content=\"article\" \/>\n<meta property=\"og:title\" content=\"[:sr]Predlozi[:en]Suggestions[:] - Kalkulacija u osnovi svega!\" \/>\n<meta property=\"og:description\" content=\"Ovde se mogu ostaviti predlozi za novu temu ili problem koji treba re\u0161iti. Da bi ste dali predlog nije potrebno davati nikakve li\u010dne podatke.\" \/>\n<meta property=\"og:url\" content=\"https:\/\/kalkulacija.com\/wordpress\/predlozi\/\" \/>\n<meta property=\"og:site_name\" content=\"Kalkulacija u osnovi svega!\" \/>\n<meta property=\"article:modified_time\" content=\"2019-10-29T18:22:55+00:00\" \/>\n<meta name=\"twitter:card\" content=\"summary_large_image\" \/>\n<meta name=\"twitter:label1\" content=\"Est. reading time\" \/>\n\t<meta name=\"twitter:data1\" content=\"2 minutes\" \/>\n<script type=\"application\/ld+json\" class=\"yoast-schema-graph\">{\"@context\":\"https:\\\/\\\/schema.org\",\"@graph\":[{\"@type\":\"WebPage\",\"@id\":\"https:\\\/\\\/kalkulacija.com\\\/wordpress\\\/predlozi\\\/\",\"url\":\"https:\\\/\\\/kalkulacija.com\\\/wordpress\\\/predlozi\\\/\",\"name\":\"[:sr]Predlozi[:en]Suggestions[:] - Kalkulacija u osnovi svega!\",\"isPartOf\":{\"@id\":\"https:\\\/\\\/kalkulacija.com\\\/wordpress\\\/#website\"},\"datePublished\":\"2017-01-14T10:49:28+00:00\",\"dateModified\":\"2019-10-29T18:22:55+00:00\",\"description\":\"Ovde se mogu ostaviti predlozi za novu temu ili problem koji treba re\u0161iti. Da bi ste dali predlog nije potrebno davati nikakve li\u010dne podatke.\",\"breadcrumb\":{\"@id\":\"https:\\\/\\\/kalkulacija.com\\\/wordpress\\\/predlozi\\\/#breadcrumb\"},\"inLanguage\":\"sr-SR\",\"potentialAction\":[{\"@type\":\"ReadAction\",\"target\":[\"https:\\\/\\\/kalkulacija.com\\\/wordpress\\\/predlozi\\\/\"]}]},{\"@type\":\"BreadcrumbList\",\"@id\":\"https:\\\/\\\/kalkulacija.com\\\/wordpress\\\/predlozi\\\/#breadcrumb\",\"itemListElement\":[{\"@type\":\"ListItem\",\"position\":1,\"name\":\"Home\",\"item\":\"https:\\\/\\\/kalkulacija.com\\\/wordpress\\\/\"},{\"@type\":\"ListItem\",\"position\":2,\"name\":\"Predlozi\"}]},{\"@type\":\"WebSite\",\"@id\":\"https:\\\/\\\/kalkulacija.com\\\/wordpress\\\/#website\",\"url\":\"https:\\\/\\\/kalkulacija.com\\\/wordpress\\\/\",\"name\":\"Kalkulacija u osnovi svega!\",\"description\":\"Samo napred! Unapredite svoje ve\u0161tine obrade podataka!\",\"publisher\":{\"@id\":\"https:\\\/\\\/kalkulacija.com\\\/wordpress\\\/#\\\/schema\\\/person\\\/f5e8a5fd4f5351b191abce4d2eb18ee4\"},\"potentialAction\":[{\"@type\":\"SearchAction\",\"target\":{\"@type\":\"EntryPoint\",\"urlTemplate\":\"https:\\\/\\\/kalkulacija.com\\\/wordpress\\\/?s={search_term_string}\"},\"query-input\":{\"@type\":\"PropertyValueSpecification\",\"valueRequired\":true,\"valueName\":\"search_term_string\"}}],\"inLanguage\":\"sr-SR\"},{\"@type\":[\"Person\",\"Organization\"],\"@id\":\"https:\\\/\\\/kalkulacija.com\\\/wordpress\\\/#\\\/schema\\\/person\\\/f5e8a5fd4f5351b191abce4d2eb18ee4\",\"name\":\"admin\",\"image\":{\"@type\":\"ImageObject\",\"inLanguage\":\"sr-SR\",\"@id\":\"https:\\\/\\\/kalkulacija.com\\\/wordpress\\\/wp-content\\\/uploads\\\/2020\\\/05\\\/Excel-icon.png\",\"url\":\"https:\\\/\\\/kalkulacija.com\\\/wordpress\\\/wp-content\\\/uploads\\\/2020\\\/05\\\/Excel-icon.png\",\"contentUrl\":\"https:\\\/\\\/kalkulacija.com\\\/wordpress\\\/wp-content\\\/uploads\\\/2020\\\/05\\\/Excel-icon.png\",\"width\":128,\"height\":128,\"caption\":\"admin\"},\"logo\":{\"@id\":\"https:\\\/\\\/kalkulacija.com\\\/wordpress\\\/wp-content\\\/uploads\\\/2020\\\/05\\\/Excel-icon.png\"}}]}<\/script>\n<!-- \/ Yoast SEO plugin. -->","yoast_head_json":{"title":"[:sr]Predlozi[:en]Suggestions[:] - Kalkulacija u osnovi svega!","description":"Ovde se mogu ostaviti predlozi za novu temu ili problem koji treba re\u0161iti. Da bi ste dali predlog nije potrebno davati nikakve li\u010dne podatke.","robots":{"index":"index","follow":"follow","max-snippet":"max-snippet:-1","max-image-preview":"max-image-preview:large","max-video-preview":"max-video-preview:-1"},"canonical":"https:\/\/kalkulacija.com\/wordpress\/predlozi\/","og_locale":"en_US","og_type":"article","og_title":"[:sr]Predlozi[:en]Suggestions[:] - Kalkulacija u osnovi svega!","og_description":"Ovde se mogu ostaviti predlozi za novu temu ili problem koji treba re\u0161iti. Da bi ste dali predlog nije potrebno davati nikakve li\u010dne podatke.","og_url":"https:\/\/kalkulacija.com\/wordpress\/predlozi\/","og_site_name":"Kalkulacija u osnovi svega!","article_modified_time":"2019-10-29T18:22:55+00:00","twitter_card":"summary_large_image","twitter_misc":{"Est. reading time":"2 minutes"},"schema":{"@context":"https:\/\/schema.org","@graph":[{"@type":"WebPage","@id":"https:\/\/kalkulacija.com\/wordpress\/predlozi\/","url":"https:\/\/kalkulacija.com\/wordpress\/predlozi\/","name":"[:sr]Predlozi[:en]Suggestions[:] - Kalkulacija u osnovi svega!","isPartOf":{"@id":"https:\/\/kalkulacija.com\/wordpress\/#website"},"datePublished":"2017-01-14T10:49:28+00:00","dateModified":"2019-10-29T18:22:55+00:00","description":"Ovde se mogu ostaviti predlozi za novu temu ili problem koji treba re\u0161iti. Da bi ste dali predlog nije potrebno davati nikakve li\u010dne podatke.","breadcrumb":{"@id":"https:\/\/kalkulacija.com\/wordpress\/predlozi\/#breadcrumb"},"inLanguage":"sr-SR","potentialAction":[{"@type":"ReadAction","target":["https:\/\/kalkulacija.com\/wordpress\/predlozi\/"]}]},{"@type":"BreadcrumbList","@id":"https:\/\/kalkulacija.com\/wordpress\/predlozi\/#breadcrumb","itemListElement":[{"@type":"ListItem","position":1,"name":"Home","item":"https:\/\/kalkulacija.com\/wordpress\/"},{"@type":"ListItem","position":2,"name":"Predlozi"}]},{"@type":"WebSite","@id":"https:\/\/kalkulacija.com\/wordpress\/#website","url":"https:\/\/kalkulacija.com\/wordpress\/","name":"Kalkulacija u osnovi svega!","description":"Samo napred! Unapredite svoje ve\u0161tine obrade podataka!","publisher":{"@id":"https:\/\/kalkulacija.com\/wordpress\/#\/schema\/person\/f5e8a5fd4f5351b191abce4d2eb18ee4"},"potentialAction":[{"@type":"SearchAction","target":{"@type":"EntryPoint","urlTemplate":"https:\/\/kalkulacija.com\/wordpress\/?s={search_term_string}"},"query-input":{"@type":"PropertyValueSpecification","valueRequired":true,"valueName":"search_term_string"}}],"inLanguage":"sr-SR"},{"@type":["Person","Organization"],"@id":"https:\/\/kalkulacija.com\/wordpress\/#\/schema\/person\/f5e8a5fd4f5351b191abce4d2eb18ee4","name":"admin","image":{"@type":"ImageObject","inLanguage":"sr-SR","@id":"https:\/\/kalkulacija.com\/wordpress\/wp-content\/uploads\/2020\/05\/Excel-icon.png","url":"https:\/\/kalkulacija.com\/wordpress\/wp-content\/uploads\/2020\/05\/Excel-icon.png","contentUrl":"https:\/\/kalkulacija.com\/wordpress\/wp-content\/uploads\/2020\/05\/Excel-icon.png","width":128,"height":128,"caption":"admin"},"logo":{"@id":"https:\/\/kalkulacija.com\/wordpress\/wp-content\/uploads\/2020\/05\/Excel-icon.png"}}]}},"_links":{"self":[{"href":"https:\/\/kalkulacija.com\/wordpress\/wp-json\/wp\/v2\/pages\/500","targetHints":{"allow":["GET"]}}],"collection":[{"href":"https:\/\/kalkulacija.com\/wordpress\/wp-json\/wp\/v2\/pages"}],"about":[{"href":"https:\/\/kalkulacija.com\/wordpress\/wp-json\/wp\/v2\/types\/page"}],"author":[{"embeddable":true,"href":"https:\/\/kalkulacija.com\/wordpress\/wp-json\/wp\/v2\/users\/1"}],"replies":[{"embeddable":true,"href":"https:\/\/kalkulacija.com\/wordpress\/wp-json\/wp\/v2\/comments?post=500"}],"version-history":[{"count":21,"href":"https:\/\/kalkulacija.com\/wordpress\/wp-json\/wp\/v2\/pages\/500\/revisions"}],"predecessor-version":[{"id":2039,"href":"https:\/\/kalkulacija.com\/wordpress\/wp-json\/wp\/v2\/pages\/500\/revisions\/2039"}],"wp:attachment":[{"href":"https:\/\/kalkulacija.com\/wordpress\/wp-json\/wp\/v2\/media?parent=500"}],"curies":[{"name":"wp","href":"https:\/\/api.w.org\/{rel}","templated":true}]}}