{"id":2381,"date":"2022-06-17T07:37:32","date_gmt":"2022-06-17T05:37:32","guid":{"rendered":"https:\/\/kalkulacija.com\/wordpress\/home\/"},"modified":"2026-02-01T08:29:56","modified_gmt":"2026-02-01T07:29:56","slug":"kalkulacija-u-osnovi-svega","status":"publish","type":"page","link":"https:\/\/kalkulacija.com\/wordpress\/en\/","title":{"rendered":"Calculation in essence of everything!"},"content":{"rendered":"<div id=\"ez-toc-container\" class=\"ez-toc-v2_0_83 counter-hierarchy ez-toc-counter ez-toc-custom ez-toc-container-direction\">\n<div class=\"ez-toc-title-container\">\n<p class=\"ez-toc-title\" style=\"cursor:inherit\">Contents<\/p>\n<span class=\"ez-toc-title-toggle\"><a href=\"#\" class=\"ez-toc-pull-right ez-toc-btn ez-toc-btn-xs ez-toc-btn-default ez-toc-toggle\" aria-label=\"Toggle Table of Content\"><span class=\"ez-toc-js-icon-con\"><span class=\"\"><span class=\"eztoc-hide\" style=\"display:none;\">Toggle<\/span><span class=\"ez-toc-icon-toggle-span\"><svg style=\"fill: #0d590e;color:#0d590e\" xmlns=\"http:\/\/www.w3.org\/2000\/svg\" class=\"list-377408\" width=\"20px\" height=\"20px\" viewBox=\"0 0 24 24\" fill=\"none\"><path d=\"M6 6H4v2h2V6zm14 0H8v2h12V6zM4 11h2v2H4v-2zm16 0H8v2h12v-2zM4 16h2v2H4v-2zm16 0H8v2h12v-2z\" fill=\"currentColor\"><\/path><\/svg><svg style=\"fill: #0d590e;color:#0d590e\" class=\"arrow-unsorted-368013\" xmlns=\"http:\/\/www.w3.org\/2000\/svg\" width=\"10px\" height=\"10px\" viewBox=\"0 0 24 24\" version=\"1.2\" baseProfile=\"tiny\"><path d=\"M18.2 9.3l-6.2-6.3-6.2 6.3c-.2.2-.3.4-.3.7s.1.5.3.7c.2.2.4.3.7.3h11c.3 0 .5-.1.7-.3.2-.2.3-.5.3-.7s-.1-.5-.3-.7zM5.8 14.7l6.2 6.3 6.2-6.3c.2-.2.3-.5.3-.7s-.1-.5-.3-.7c-.2-.2-.4-.3-.7-.3h-11c-.3 0-.5.1-.7.3-.2.2-.3.5-.3.7s.1.5.3.7z\"\/><\/svg><\/span><\/span><\/span><\/a><\/span><\/div>\n<nav><ul class='ez-toc-list ez-toc-list-level-1 ' ><li class='ez-toc-page-1 ez-toc-heading-level-3'><a class=\"ez-toc-link ez-toc-heading-1\" href=\"https:\/\/kalkulacija.com\/wordpress\/en\/kalkulacija-buducnosti-kako-vestacka-inteligencija-menja-racunovodstvenu-profesiju\/#Optimisticki_pogled_Racunovoda_kao_strateski_partner\" >Optimisti\u010dki\npogled: Ra\u010dunovo\u0111a kao strate\u0161ki partner<\/a><\/li><li class='ez-toc-page-1 ez-toc-heading-level-3'><a class=\"ez-toc-link ez-toc-heading-2\" href=\"https:\/\/kalkulacija.com\/wordpress\/en\/kalkulacija-buducnosti-kako-vestacka-inteligencija-menja-racunovodstvenu-profesiju\/#Pesimisticki_pogled_Rizik_od_automatizacije_i_preteranog_oslanjanja\" >Pesimisti\u010dki\npogled: Rizik od automatizacije i preteranog oslanjanja<\/a><\/li><li class='ez-toc-page-1 ez-toc-heading-level-3'><a class=\"ez-toc-link ez-toc-heading-3\" href=\"https:\/\/kalkulacija.com\/wordpress\/en\/kalkulacija-buducnosti-kako-vestacka-inteligencija-menja-racunovodstvenu-profesiju\/#Zakljucak_Evolucija_a_ne_revolucija\" >Zaklju\u010dak: Evolucija, a ne\nrevolucija<\/a><\/li><li class='ez-toc-page-1 ez-toc-heading-level-3'><a class=\"ez-toc-link ez-toc-heading-4\" href=\"https:\/\/kalkulacija.com\/wordpress\/en\/kalkulacija-buducnosti-kako-vestacka-inteligencija-menja-racunovodstvenu-profesiju\/#Prakticni_saveti_za_racunovode\" >Prakti\u010dni saveti za\nra\u010dunovo\u0111e<\/a><\/li><\/ul><\/nav><\/div>\nCalculation gives meaning to each of our activities. Some may disagree. Whether the calculation moved us to action or we want to improve the existing situation, the first thing we look at is the calculation. We can state that it is basically a calculation.<\/p>\n<h2>Calculation as a general term<\/h2>\n<p>Accountants, bookkeepers, managers, entrepreneurs, and &#8220;private individuals&#8221;, are the most frequent users of the content of these pages and by calculation, they primarily mean that the Calculation is an accounting document.<\/p>\n<p>We often use a synonym for calculation in practice, and that is calculation (wrongly used word, as if we have a fight with our client), budget would be correct (if this word in Croatia means budget). If we talk about billing, we always mean invoices, although here, too, it is the basis of billing. You can view our Billing for the Housing Community here.<\/p>\n<h2>Calculation or <strong><span class=\"\">Sales Price Re-reckoning\u00a0 in Excel<\/span><\/strong><\/h2>\n<p><span class=\"\">If you are looking for <\/span><strong><em><span class=\"\">how to<\/span><\/em><span class=\"\">\u00a0make a Sales Price Calculation in Excel<\/span><\/strong><span class=\"\">\u00a0based on the prescribed KL form, then read it on the link\u00a0<\/span><strong><a href=\"https:\/\/kalkulacija.com\/wordpress\/kalkulacija-prodajne-cene-robe-u-excel-u\/\"><span class=\"\">Sales Price Calculation in Excel<\/span><\/a><\/strong><span class=\"\">.\u00a0<\/span>The calculation of the selling price is made when the goods first enter the warehouse based on the delivery note\/delivery note of the supplier.<\/p>\n<p><strong><span class=\"\">Inflation<\/span><\/strong><span class=\"\">\u00a0as a driver of price changes requires a document that can be used to increase or decrease the price of goods sold.\u00a0<\/span>The change in the selling price, which includes VAT, can be seen in a new article on our website\u00a0<strong><a href=\"https:\/\/kalkulacija.com\/wordpress\/nivelacija-cena-u-excel-u\/\">Leveling the selling price of goods<\/a>.<\/strong><\/p>\n<p>Things are completely simple here, the mathematical operations of addition, subtraction, multiplication, and division are at the core of any spreadsheet. Just as we can convert more complex multiplication and division operations into addition and subtraction, so can all formulas in spreadsheet programs, and here I mean Microsoft\u00ae Excel, we can mathematically replace them with basic operations.<\/p>\n<p>This is certainly not our goal here, but above all to make efficient use of existing formulas (more than 460) in Excel. According to the use of the formula, we can divide it into basic formulas and advanced formulas.<\/p>\n\n\n<div class=\"su-posts su-posts-default-loop \">\n\n\t\n\t\t\t\t\t\n\t\t\t\n\t\t\t<div id=\"su-post-163\" class=\"su-post \">\n\n\t\t\t\t\t\t\t\t\t<a class=\"su-post-thumbnail\" href=\"https:\/\/kalkulacija.com\/wordpress\/en\/izvedene-pivot-tabele\/\"><img loading=\"lazy\" decoding=\"async\" width=\"840\" height=\"198\" src=\"https:\/\/kalkulacija.com\/wordpress\/wp-content\/uploads\/2017\/09\/pwp1-840x198.png\" class=\"attachment-post-thumbnail size-post-thumbnail wp-post-image\" alt=\"power pivot\" \/><\/a>\n\t\t\t\t\n\t\t\t\t<h2 class=\"su-post-title\"><a href=\"https:\/\/kalkulacija.com\/wordpress\/en\/izvedene-pivot-tabele\/\">How to create Pivot Table<\/a><\/h2>\n\n\t\t\t\t<div class=\"su-post-meta\">\n\t\t\t\t\tPosted: 16\/06\/2022\t\t\t\t<\/div>\n\n\t\t\t\t<div class=\"su-post-excerpt\">\n\t\t\t\t\t<p>Derived (Pivot) tables allow summarizing, counting, or aggregating data\u00a01 \u00a0from the initial\/analytical table. We often hear or say &#8220;pivoting&#8221; or<\/p>\n\t\t\t\t<\/div>\n\n\t\t\t\t\n\t\t\t<\/div>\n\n\t\t\n\t\n<\/div>\n\n\n\n<div class=\"su-posts su-posts-default-loop \">\n\n\t\n\t\t\t\t\t\n\t\t\t\n\t\t\t<div id=\"su-post-3898\" class=\"su-post \">\n\n\t\t\t\t\n\t\t\t\t<h2 class=\"su-post-title\"><a href=\"https:\/\/kalkulacija.com\/wordpress\/en\/revolucija-u-racunovodstvu-kako-vestacka-inteligencija-postaje-cuvar-vasih-excel-tabela\/\">Revolucija u Ra\u010dunovodstvu: Kako Ve\u0161ta\u010dka Inteligencija Postaje \u010cuvar Va\u0161ih Excel Tabela<\/a><\/h2>\n\n\t\t\t\t<div class=\"su-post-meta\">\n\t\t\t\t\tPosted: 12\/05\/2026\t\t\t\t<\/div>\n\n\t\t\t\t<div class=\"su-post-excerpt\">\n\t\t\t\t\t<p>Uvod: Excel na Steroidima Excel tabele su decenijama bile i ostale srce finansijskog sveta \u2013 nezamenjiv alat za ra\u010dunovo\u0111e, revizore<\/p>\n\t\t\t\t<\/div>\n\n\t\t\t\t\t\t\t\t\t<a href=\"https:\/\/kalkulacija.com\/wordpress\/en\/revolucija-u-racunovodstvu-kako-vestacka-inteligencija-postaje-cuvar-vasih-excel-tabela\/#respond\" class=\"su-post-comments-link\">0 comments<\/a>\n\t\t\t\t\n\t\t\t<\/div>\n\n\t\t\t\t\t\n\t\t\t\n\t\t\t<div id=\"su-post-3897\" class=\"su-post \">\n\n\t\t\t\t\n\t\t\t\t<h2 class=\"su-post-title\"><a href=\"https:\/\/kalkulacija.com\/wordpress\/en\/ai-i-platni-spisak-revolucija-u-prognoziranju-troskova-ili-pretnja-za-racunovode\/\">AI i Platni Spisak: Revolucija u Prognoziranju Tro\u0161kova ili Pretnja za Ra\u010dunovo\u0111e?<\/a><\/h2>\n\n\t\t\t\t<div class=\"su-post-meta\">\n\t\t\t\t\tPosted: 10\/05\/2026\t\t\t\t<\/div>\n\n\t\t\t\t<div class=\"su-post-excerpt\">\n\t\t\t\t\t<p>U svetu ra\u010dunovodstva, gde su preciznost i predvidljivost oduvek bili zlatni standard, nova tehnolo\u0161ka sila menja pravila igre. Ve\u0161ta\u010dka inteligencija<\/p>\n\t\t\t\t<\/div>\n\n\t\t\t\t\t\t\t\t\t<a href=\"https:\/\/kalkulacija.com\/wordpress\/en\/ai-i-platni-spisak-revolucija-u-prognoziranju-troskova-ili-pretnja-za-racunovode\/#respond\" class=\"su-post-comments-link\">0 comments<\/a>\n\t\t\t\t\n\t\t\t<\/div>\n\n\t\t\t\t\t\n\t\t\t\n\t\t\t<div id=\"su-post-3896\" class=\"su-post \">\n\n\t\t\t\t\n\t\t\t\t<h2 class=\"su-post-title\"><a href=\"https:\/\/kalkulacija.com\/wordpress\/en\/ai-revolucija-u-racunovodstvu-kako-pametna-kalkulacija-zaliha-i-obrtnog-kapitala-menja-poslovanje\/\">AI Revolucija u Ra\u010dunovodstvu: Kako Pametna Kalkulacija Zaliha i Obrtnog Kapitala Menja Poslovanje<\/a><\/h2>\n\n\t\t\t\t<div class=\"su-post-meta\">\n\t\t\t\t\tPosted: 08\/05\/2026\t\t\t\t<\/div>\n\n\t\t\t\t<div class=\"su-post-excerpt\">\n\t\t\t\t\t<p>Ve\u0161ta\u010dka inteligencija (AI) vi\u0161e nije pojam rezervisan za nau\u010dnofantasti\u010dne filmove; ona je postala mo\u0107an saveznik u poslovnom svetu, a ra\u010dunovodstvo<\/p>\n\t\t\t\t<\/div>\n\n\t\t\t\t\t\t\t\t\t<a href=\"https:\/\/kalkulacija.com\/wordpress\/en\/ai-revolucija-u-racunovodstvu-kako-pametna-kalkulacija-zaliha-i-obrtnog-kapitala-menja-poslovanje\/#respond\" class=\"su-post-comments-link\">0 comments<\/a>\n\t\t\t\t\n\t\t\t<\/div>\n\n\t\t\t\t\t\n\t\t\t\n\t\t\t<div id=\"su-post-3895\" class=\"su-post \">\n\n\t\t\t\t\n\t\t\t\t<h2 class=\"su-post-title\"><a href=\"https:\/\/kalkulacija.com\/wordpress\/en\/excel-na-steroidima-kako-ai-menja-predvidanje-prihoda-za-racunovode\/\">Excel na Steroidima: Kako AI Menja Predvi\u0111anje Prihoda za Ra\u010dunovo\u0111e<\/a><\/h2>\n\n\t\t\t\t<div class=\"su-post-meta\">\n\t\t\t\t\tPosted: 06\/05\/2026\t\t\t\t<\/div>\n\n\t\t\t\t<div class=\"su-post-excerpt\">\n\t\t\t\t\t<p>Ve\u0161ta\u010dka inteligencija (AI) vi\u0161e nije koncept iz nau\u010dne fantastike, ve\u0107 prakti\u010dan alat koji tiho, ali odlu\u010dno menja ra\u010dunovodstvenu profesiju. Dok<\/p>\n\t\t\t\t<\/div>\n\n\t\t\t\t\t\t\t\t\t<a href=\"https:\/\/kalkulacija.com\/wordpress\/en\/excel-na-steroidima-kako-ai-menja-predvidanje-prihoda-za-racunovode\/#respond\" class=\"su-post-comments-link\">0 comments<\/a>\n\t\t\t\t\n\t\t\t<\/div>\n\n\t\t\t\t\t\n\t\t\t\n\t\t\t<div id=\"su-post-3894\" class=\"su-post \">\n\n\t\t\t\t\n\t\t\t\t<h2 class=\"su-post-title\"><a href=\"https:\/\/kalkulacija.com\/wordpress\/en\/kalkulacija-buducnosti-kako-vestacka-inteligencija-menja-racunovodstvenu-profesiju\/\">Kalkulacija Budu\u0107nosti: Kako ve\u0161ta\u010dka inteligencija menja ra\u010dunovodstvenu profesiju<\/a><\/h2>\n\n\t\t\t\t<div class=\"su-post-meta\">\n\t\t\t\t\tPosted: 04\/05\/2026\t\t\t\t<\/div>\n\n\t\t\t\t<div class=\"su-post-excerpt\">\n\t\t\t\t\t<p>Ve\u0161ta\u010dka inteligencija (AI) vi\u0161e nije koncept iz nau\u010dne fantastike, ve\u0107 svakodnevna realnost koja preoblikuje \u010ditave industrije. Jedna od profesija koja<\/p>\n\t\t\t\t<\/div>\n\n\t\t\t\t\t\t\t\t\t<a href=\"https:\/\/kalkulacija.com\/wordpress\/en\/kalkulacija-buducnosti-kako-vestacka-inteligencija-menja-racunovodstvenu-profesiju\/#respond\" class=\"su-post-comments-link\">0 comments<\/a>\n\t\t\t\t\n\t\t\t<\/div>\n\n\t\t\n\t\n<\/div>\n\n\n\n<div class=\"kk-star-ratings kksr-auto kksr-align-right kksr-valign-bottom\"\n    data-payload='{&quot;align&quot;:&quot;right&quot;,&quot;id&quot;:&quot;3894&quot;,&quot;slug&quot;:&quot;default&quot;,&quot;valign&quot;:&quot;bottom&quot;,&quot;ignore&quot;:&quot;&quot;,&quot;reference&quot;:&quot;auto&quot;,&quot;class&quot;:&quot;&quot;,&quot;count&quot;:&quot;0&quot;,&quot;legendonly&quot;:&quot;&quot;,&quot;readonly&quot;:&quot;&quot;,&quot;score&quot;:&quot;0&quot;,&quot;starsonly&quot;:&quot;&quot;,&quot;best&quot;:&quot;5&quot;,&quot;gap&quot;:&quot;5&quot;,&quot;greet&quot;:&quot;Rate this post&quot;,&quot;legend&quot;:&quot;0\\\/5 - (0 votes)&quot;,&quot;size&quot;:&quot;24&quot;,&quot;title&quot;:&quot;Kalkulacija Budu\u0107nosti: Kako ve\u0161ta\u010dka inteligencija menja ra\u010dunovodstvenu profesiju&quot;,&quot;width&quot;:&quot;0&quot;,&quot;_legend&quot;:&quot;{score}\\\/{best} - ({count} {votes})&quot;,&quot;font_factor&quot;:&quot;1.25&quot;}'>\n            \n<div class=\"kksr-stars\">\n    \n<div class=\"kksr-stars-inactive\">\n            <div class=\"kksr-star\" data-star=\"1\" style=\"padding-right: 5px\">\n            \n\n<div class=\"kksr-icon\" style=\"width: 24px; height: 24px;\"><\/div>\n        <\/div>\n            <div class=\"kksr-star\" data-star=\"2\" style=\"padding-right: 5px\">\n            \n\n<div class=\"kksr-icon\" style=\"width: 24px; height: 24px;\"><\/div>\n        <\/div>\n            <div class=\"kksr-star\" data-star=\"3\" style=\"padding-right: 5px\">\n            \n\n<div class=\"kksr-icon\" style=\"width: 24px; height: 24px;\"><\/div>\n        <\/div>\n            <div class=\"kksr-star\" data-star=\"4\" style=\"padding-right: 5px\">\n            \n\n<div class=\"kksr-icon\" style=\"width: 24px; height: 24px;\"><\/div>\n        <\/div>\n            <div class=\"kksr-star\" data-star=\"5\" style=\"padding-right: 5px\">\n            \n\n<div class=\"kksr-icon\" style=\"width: 24px; height: 24px;\"><\/div>\n        <\/div>\n    <\/div>\n    \n<div class=\"kksr-stars-active\" style=\"width: 0px;\">\n            <div class=\"kksr-star\" style=\"padding-right: 5px\">\n            \n\n<div class=\"kksr-icon\" style=\"width: 24px; height: 24px;\"><\/div>\n        <\/div>\n            <div class=\"kksr-star\" style=\"padding-right: 5px\">\n            \n\n<div class=\"kksr-icon\" style=\"width: 24px; height: 24px;\"><\/div>\n        <\/div>\n            <div class=\"kksr-star\" style=\"padding-right: 5px\">\n            \n\n<div class=\"kksr-icon\" style=\"width: 24px; height: 24px;\"><\/div>\n        <\/div>\n            <div class=\"kksr-star\" style=\"padding-right: 5px\">\n            \n\n<div class=\"kksr-icon\" style=\"width: 24px; height: 24px;\"><\/div>\n        <\/div>\n            <div class=\"kksr-star\" style=\"padding-right: 5px\">\n            \n\n<div class=\"kksr-icon\" style=\"width: 24px; height: 24px;\"><\/div>\n        <\/div>\n    <\/div>\n<\/div>\n                \n\n<div class=\"kksr-legend\" style=\"font-size: 19.2px;\">\n            <span class=\"kksr-muted\">Rate this post<\/span>\n    <\/div>\n    <\/div>","protected":false},"excerpt":{"rendered":"<p>Calculation gives meaning to each of our activities. Some may disagree. Whether the calculation moved us to action or we<\/p>\n","protected":false},"author":1,"featured_media":2793,"parent":0,"menu_order":0,"comment_status":"closed","ping_status":"closed","template":"","meta":{"footnotes":""},"class_list":["post-2381","page","type-page","status-publish","has-post-thumbnail","hentry"],"yoast_head":"<!-- This site is optimized with the Yoast SEO plugin v27.5 - https:\/\/yoast.com\/product\/yoast-seo-wordpress\/ -->\n<title>Kalkulacija (Calculation) u osnovi svega<\/title>\n<meta name=\"description\" content=\"Kalkulacija (Calculation) u osnovi svega! Programi za tabelarno izra\u010dunavanje, Microsoft Excel i Google sheets su nezaobilazni danas.\" \/>\n<meta name=\"robots\" content=\"index, follow, max-snippet:-1, max-image-preview:large, max-video-preview:-1\" \/>\n<link rel=\"canonical\" href=\"https:\/\/kalkulacija.com\/wordpress\/\" \/>\n<meta property=\"og:locale\" content=\"en_US\" \/>\n<meta property=\"og:type\" content=\"article\" \/>\n<meta property=\"og:title\" content=\"Kalkulacija (Calculation) u osnovi svega\" \/>\n<meta property=\"og:description\" content=\"Kalkulacija (Calculation) u osnovi svega! Programi za tabelarno izra\u010dunavanje, Microsoft Excel i Google sheets su nezaobilazni danas.\" \/>\n<meta property=\"og:url\" content=\"https:\/\/kalkulacija.com\/wordpress\/\" \/>\n<meta property=\"og:site_name\" content=\"Calculation in essence of everything!\" \/>\n<meta property=\"article:modified_time\" content=\"2026-02-01T07:29:56+00:00\" \/>\n<meta property=\"og:image\" content=\"https:\/\/kalkulacija.com\/wordpress\/wp-content\/uploads\/2017\/01\/kalkulacija-1.png\" \/>\n\t<meta property=\"og:image:width\" content=\"1675\" \/>\n\t<meta property=\"og:image:height\" content=\"770\" \/>\n\t<meta property=\"og:image:type\" content=\"image\/png\" \/>\n<meta name=\"twitter:card\" content=\"summary_large_image\" \/>\n<meta name=\"twitter:label1\" content=\"Est. reading time\" \/>\n\t<meta name=\"twitter:data1\" content=\"3 minutes\" \/>\n<script type=\"application\/ld+json\" class=\"yoast-schema-graph\">{\"@context\":\"https:\\\/\\\/schema.org\",\"@graph\":[{\"@type\":\"WebPage\",\"@id\":\"https:\\\/\\\/kalkulacija.com\\\/wordpress\\\/\",\"url\":\"https:\\\/\\\/kalkulacija.com\\\/wordpress\\\/\",\"name\":\"Kalkulacija (Calculation) u osnovi svega\",\"isPartOf\":{\"@id\":\"https:\\\/\\\/kalkulacija.com\\\/wordpress\\\/#website\"},\"primaryImageOfPage\":{\"@id\":\"https:\\\/\\\/kalkulacija.com\\\/wordpress\\\/#primaryimage\"},\"image\":{\"@id\":\"https:\\\/\\\/kalkulacija.com\\\/wordpress\\\/#primaryimage\"},\"thumbnailUrl\":\"https:\\\/\\\/kalkulacija.com\\\/wordpress\\\/wp-content\\\/uploads\\\/2017\\\/01\\\/kalkulacija-1.png\",\"datePublished\":\"2022-06-17T05:37:32+00:00\",\"dateModified\":\"2026-02-01T07:29:56+00:00\",\"description\":\"Kalkulacija (Calculation) u osnovi svega! Programi za tabelarno izra\u010dunavanje, Microsoft Excel i Google sheets su nezaobilazni danas.\",\"breadcrumb\":{\"@id\":\"https:\\\/\\\/kalkulacija.com\\\/wordpress\\\/#breadcrumb\"},\"inLanguage\":\"en-US\",\"potentialAction\":[{\"@type\":\"ReadAction\",\"target\":[\"https:\\\/\\\/kalkulacija.com\\\/wordpress\\\/\"]}]},{\"@type\":\"ImageObject\",\"inLanguage\":\"en-US\",\"@id\":\"https:\\\/\\\/kalkulacija.com\\\/wordpress\\\/#primaryimage\",\"url\":\"https:\\\/\\\/kalkulacija.com\\\/wordpress\\\/wp-content\\\/uploads\\\/2017\\\/01\\\/kalkulacija-1.png\",\"contentUrl\":\"https:\\\/\\\/kalkulacija.com\\\/wordpress\\\/wp-content\\\/uploads\\\/2017\\\/01\\\/kalkulacija-1.png\",\"width\":1675,\"height\":770,\"caption\":\"Kalkulacija prodajne cene robe u Excel-u\"},{\"@type\":\"BreadcrumbList\",\"@id\":\"https:\\\/\\\/kalkulacija.com\\\/wordpress\\\/#breadcrumb\",\"itemListElement\":[{\"@type\":\"ListItem\",\"position\":1,\"name\":\"Home\",\"item\":\"https:\\\/\\\/kalkulacija.com\\\/wordpress\\\/\"},{\"@type\":\"ListItem\",\"position\":2,\"name\":\"Kalkulacija u osnovi svega\"}]},{\"@type\":\"WebSite\",\"@id\":\"https:\\\/\\\/kalkulacija.com\\\/wordpress\\\/#website\",\"url\":\"https:\\\/\\\/kalkulacija.com\\\/wordpress\\\/\",\"name\":\"Calculation in essence of everything!\",\"description\":\"Go ahead! Improve your data processing skills!\",\"publisher\":{\"@id\":\"https:\\\/\\\/kalkulacija.com\\\/wordpress\\\/#\\\/schema\\\/person\\\/f5e8a5fd4f5351b191abce4d2eb18ee4\"},\"potentialAction\":[{\"@type\":\"SearchAction\",\"target\":{\"@type\":\"EntryPoint\",\"urlTemplate\":\"https:\\\/\\\/kalkulacija.com\\\/wordpress\\\/?s={search_term_string}\"},\"query-input\":{\"@type\":\"PropertyValueSpecification\",\"valueRequired\":true,\"valueName\":\"search_term_string\"}}],\"inLanguage\":\"en-US\"},{\"@type\":[\"Person\",\"Organization\"],\"@id\":\"https:\\\/\\\/kalkulacija.com\\\/wordpress\\\/#\\\/schema\\\/person\\\/f5e8a5fd4f5351b191abce4d2eb18ee4\",\"name\":\"admin\",\"image\":{\"@type\":\"ImageObject\",\"inLanguage\":\"en-US\",\"@id\":\"https:\\\/\\\/kalkulacija.com\\\/wordpress\\\/wp-content\\\/uploads\\\/2020\\\/05\\\/Excel-icon.png\",\"url\":\"https:\\\/\\\/kalkulacija.com\\\/wordpress\\\/wp-content\\\/uploads\\\/2020\\\/05\\\/Excel-icon.png\",\"contentUrl\":\"https:\\\/\\\/kalkulacija.com\\\/wordpress\\\/wp-content\\\/uploads\\\/2020\\\/05\\\/Excel-icon.png\",\"width\":128,\"height\":128,\"caption\":\"admin\"},\"logo\":{\"@id\":\"https:\\\/\\\/kalkulacija.com\\\/wordpress\\\/wp-content\\\/uploads\\\/2020\\\/05\\\/Excel-icon.png\"}}]}<\/script>\n<!-- \/ Yoast SEO plugin. -->","yoast_head_json":{"title":"Kalkulacija (Calculation) u osnovi svega","description":"Kalkulacija (Calculation) u osnovi svega! Programi za tabelarno izra\u010dunavanje, Microsoft Excel i Google sheets su nezaobilazni danas.","robots":{"index":"index","follow":"follow","max-snippet":"max-snippet:-1","max-image-preview":"max-image-preview:large","max-video-preview":"max-video-preview:-1"},"canonical":"https:\/\/kalkulacija.com\/wordpress\/","og_locale":"en_US","og_type":"article","og_title":"Kalkulacija (Calculation) u osnovi svega","og_description":"Kalkulacija (Calculation) u osnovi svega! Programi za tabelarno izra\u010dunavanje, Microsoft Excel i Google sheets su nezaobilazni danas.","og_url":"https:\/\/kalkulacija.com\/wordpress\/","og_site_name":"Calculation in essence of everything!","article_modified_time":"2026-02-01T07:29:56+00:00","og_image":[{"width":1675,"height":770,"url":"https:\/\/kalkulacija.com\/wordpress\/wp-content\/uploads\/2017\/01\/kalkulacija-1.png","type":"image\/png"}],"twitter_card":"summary_large_image","twitter_misc":{"Est. reading time":"3 minutes"},"schema":{"@context":"https:\/\/schema.org","@graph":[{"@type":"WebPage","@id":"https:\/\/kalkulacija.com\/wordpress\/","url":"https:\/\/kalkulacija.com\/wordpress\/","name":"Kalkulacija (Calculation) u osnovi svega","isPartOf":{"@id":"https:\/\/kalkulacija.com\/wordpress\/#website"},"primaryImageOfPage":{"@id":"https:\/\/kalkulacija.com\/wordpress\/#primaryimage"},"image":{"@id":"https:\/\/kalkulacija.com\/wordpress\/#primaryimage"},"thumbnailUrl":"https:\/\/kalkulacija.com\/wordpress\/wp-content\/uploads\/2017\/01\/kalkulacija-1.png","datePublished":"2022-06-17T05:37:32+00:00","dateModified":"2026-02-01T07:29:56+00:00","description":"Kalkulacija (Calculation) u osnovi svega! Programi za tabelarno izra\u010dunavanje, Microsoft Excel i Google sheets su nezaobilazni danas.","breadcrumb":{"@id":"https:\/\/kalkulacija.com\/wordpress\/#breadcrumb"},"inLanguage":"en-US","potentialAction":[{"@type":"ReadAction","target":["https:\/\/kalkulacija.com\/wordpress\/"]}]},{"@type":"ImageObject","inLanguage":"en-US","@id":"https:\/\/kalkulacija.com\/wordpress\/#primaryimage","url":"https:\/\/kalkulacija.com\/wordpress\/wp-content\/uploads\/2017\/01\/kalkulacija-1.png","contentUrl":"https:\/\/kalkulacija.com\/wordpress\/wp-content\/uploads\/2017\/01\/kalkulacija-1.png","width":1675,"height":770,"caption":"Kalkulacija prodajne cene robe u Excel-u"},{"@type":"BreadcrumbList","@id":"https:\/\/kalkulacija.com\/wordpress\/#breadcrumb","itemListElement":[{"@type":"ListItem","position":1,"name":"Home","item":"https:\/\/kalkulacija.com\/wordpress\/"},{"@type":"ListItem","position":2,"name":"Kalkulacija u osnovi svega"}]},{"@type":"WebSite","@id":"https:\/\/kalkulacija.com\/wordpress\/#website","url":"https:\/\/kalkulacija.com\/wordpress\/","name":"Calculation in essence of everything!","description":"Go ahead! Improve your data processing skills!","publisher":{"@id":"https:\/\/kalkulacija.com\/wordpress\/#\/schema\/person\/f5e8a5fd4f5351b191abce4d2eb18ee4"},"potentialAction":[{"@type":"SearchAction","target":{"@type":"EntryPoint","urlTemplate":"https:\/\/kalkulacija.com\/wordpress\/?s={search_term_string}"},"query-input":{"@type":"PropertyValueSpecification","valueRequired":true,"valueName":"search_term_string"}}],"inLanguage":"en-US"},{"@type":["Person","Organization"],"@id":"https:\/\/kalkulacija.com\/wordpress\/#\/schema\/person\/f5e8a5fd4f5351b191abce4d2eb18ee4","name":"admin","image":{"@type":"ImageObject","inLanguage":"en-US","@id":"https:\/\/kalkulacija.com\/wordpress\/wp-content\/uploads\/2020\/05\/Excel-icon.png","url":"https:\/\/kalkulacija.com\/wordpress\/wp-content\/uploads\/2020\/05\/Excel-icon.png","contentUrl":"https:\/\/kalkulacija.com\/wordpress\/wp-content\/uploads\/2020\/05\/Excel-icon.png","width":128,"height":128,"caption":"admin"},"logo":{"@id":"https:\/\/kalkulacija.com\/wordpress\/wp-content\/uploads\/2020\/05\/Excel-icon.png"}}]}},"_links":{"self":[{"href":"https:\/\/kalkulacija.com\/wordpress\/en\/wp-json\/wp\/v2\/pages\/2381","targetHints":{"allow":["GET"]}}],"collection":[{"href":"https:\/\/kalkulacija.com\/wordpress\/en\/wp-json\/wp\/v2\/pages"}],"about":[{"href":"https:\/\/kalkulacija.com\/wordpress\/en\/wp-json\/wp\/v2\/types\/page"}],"author":[{"embeddable":true,"href":"https:\/\/kalkulacija.com\/wordpress\/en\/wp-json\/wp\/v2\/users\/1"}],"replies":[{"embeddable":true,"href":"https:\/\/kalkulacija.com\/wordpress\/en\/wp-json\/wp\/v2\/comments?post=2381"}],"version-history":[{"count":82,"href":"https:\/\/kalkulacija.com\/wordpress\/en\/wp-json\/wp\/v2\/pages\/2381\/revisions"}],"predecessor-version":[{"id":3860,"href":"https:\/\/kalkulacija.com\/wordpress\/en\/wp-json\/wp\/v2\/pages\/2381\/revisions\/3860"}],"wp:featuredmedia":[{"embeddable":true,"href":"https:\/\/kalkulacija.com\/wordpress\/en\/wp-json\/wp\/v2\/media\/2793"}],"wp:attachment":[{"href":"https:\/\/kalkulacija.com\/wordpress\/en\/wp-json\/wp\/v2\/media?parent=2381"}],"curies":[{"name":"wp","href":"https:\/\/api.w.org\/{rel}","templated":true}]}}